{"id":882,"date":"2015-04-30T12:39:35","date_gmt":"2015-04-30T12:39:35","guid":{"rendered":"http:\/\/welfare.cmsmasters.net\/?page_id=882"},"modified":"2023-07-04T10:28:26","modified_gmt":"2023-07-04T10:28:26","slug":"supporters","status":"publish","type":"page","link":"https:\/\/www.chaplin.ee\/et\/supporters\/","title":{"rendered":"Toetajad"},"content":{"rendered":"<div data-elementor-type=\"wp-post\"  data-elementor-id=\"882\"  class=\"elementor elementor-882\"  data-elementor-settings=\"[]\">\n\t\t\t<div class=\"elementor-inner\">\n\t\t\t\t<div class=\"elementor-section-wrap\">\n\t\t\t\t\t\t\t<section class=\"elementor-element elementor-element-703b04e elementor-section-boxed elementor-section-height-default elementor-section-height-default elementor-section elementor-top-section\"   data-id=\"703b04e\"  data-element_type=\"section\">\n\t\t\t\t\t\t<div class=\"elementor-container elementor-column-gap-default\" >\n\t\t\t\t<div class=\"elementor-row\">\n\t\t\t\t<div class=\"elementor-element elementor-element-d8e704e elementor-column elementor-col-100 elementor-top-column\"   data-id=\"d8e704e\"   data-element_type=\"column\">\n\t\t\t<div class=\"elementor-column-wrap  elementor-element-populated\">\n\t\t\t\t\t<div class=\"elementor-widget-wrap\">\n\t\t\t\t<div class=\"elementor-element elementor-element-fc548ea elementor-widget elementor-widget-text-editor\"   data-id=\"fc548ea\"   data-element_type=\"widget\"   data-widget_type=\"text-editor.default\">\n\t\t\t\t<div class=\"elementor-widget-container\">\n\t\t\t\t\t<div class=\"elementor-text-editor elementor-clearfix\"><h1 style=\"margin-bottom: 0cm; border-width: initial; border-style: none; padding: 0cm;\" class=\" translation-block\"><strong><a href=\"https:\/\/www.facebook.com\/events\/797798745383991\/?__cft__[0]=AZVX9h-kOAFPmc5U_8ntO8ifCN7qvT69bfaYeHeSWEXGX2LL7bO8M6nVcEWy6Qxq-7Q2rtwXF3vb0GBDCvdoj54A9Pv3H2nA0tNCfjhcbbOdLPYkZIGXfratwOW89HtWsyfvADy9w9nsfLDoig8PdTjqMBDvdrXQmSXtTc1Petfym3Iylmb6CtahH8WLM4TWuJ4&amp;__tn__=-UK-R\"  target=\"_blank\"  rel=\"noopener\"><span style=\"color: #000000\"><span style=\"font-family: Times New Roman, serif\"><span style=\"font-size: large\">XXXVII P\u00e4rnu Filmifestival t\u00e4nab oma toetajaid<\/span><\/span><\/span><\/strong><\/h1><p style=\"margin-bottom: 0cm; border-width: initial; border-style: none; padding: 0cm;\" >\u00a0<\/p><p style=\"margin-bottom: 0cm; border-width: initial; border-style: none; padding: 0cm;\"  class=\" translation-block\"><span style=\"color: #000000\"><span style=\"font-family: Times New Roman, serif\"><span style=\"font-size: large\">kelleks sellel aastal on Moller Auto P\u00e4rnu, Jaanihanso, Hotell Victoria, Nordic Verdure, FARMI, Eesti Kultuurkapital, P\u00e4rnu linn, Eesti Filmi Instituut \/ Estonian Film Institute, P\u00e4rnu Vanalinna P\u00f5hikool, RGB Baltic, Eesti Televisioon, P\u00e4rnu Sadam, Poola Vabariigi Suursaatkond, Eesti Rahva Muuseum \/ Estonian National Museum. <\/span><\/span><\/span><\/p><\/div>\n\t\t\t\t<\/div>\n\t\t\t\t<\/div>\n\t\t\t\t\t\t<\/div>\n\t\t\t<\/div>\n\t\t<\/div>\n\t\t\t\t\t\t<\/div>\n\t\t\t<\/div>\n\t\t<\/section>\n\t\t\t\t<section class=\"elementor-element elementor-element-02194cd elementor-section-boxed elementor-section-height-default elementor-section-height-default elementor-section elementor-top-section\"   data-id=\"02194cd\"   data-element_type=\"section\">\n\t\t\t\t\t\t<div class=\"elementor-container elementor-column-gap-default\">\n\t\t\t\t<div class=\"elementor-row\">\n\t\t\t\t<div class=\"elementor-element elementor-element-fe2862d elementor-column elementor-col-100 elementor-top-column\"   data-id=\"fe2862d\"  data-element_type=\"column\">\n\t\t\t<div class=\"elementor-column-wrap  elementor-element-populated\">\n\t\t\t\t\t<div class=\"elementor-widget-wrap\">\n\t\t\t\t<div class=\"elementor-element elementor-element-77192c1 elementor-headline--style-rotate elementor-widget elementor-widget-animated-headline\"   data-id=\"77192c1\"   data-element_type=\"widget\"   data-settings=\"{&quot;headline_style&quot;:&quot;rotate&quot;,&quot;animation_type&quot;:&quot;flip&quot;,&quot;rotating_text&quot;:&quot;P\\u00e4rnu linn\\nEesti Kultuurikapital\\nKultuuriministeerium\\nTallink\\nIT Haldus\\nEesti Filmi Instituut\\nP\\u00e4rnu Uue Kunsti Muuseum&quot;}\"   data-widget_type=\"animated-headline.default\">\n\t\t\t\t<div class=\"elementor-widget-container\">\n\t\t\t\t\t<h3 class=\"elementor-headline elementor-headline-animation-type-flip\">\n\t\t\t\t\t\t\t<span class=\"elementor-headline-plain-text elementor-headline-text-wrapper\">Suur ait\u00e4h k\u00f5igile meie toetajatele <\/span>\n\t\t\t\t\t\t<span class=\"elementor-headline-dynamic-wrapper elementor-headline-text-wrapper\"><\/span>\n\t\t\t\t\t<\/h3>\n\t\t\t\t<\/div>\n\t\t\t\t<\/div>\n\t\t\t\t\t\t<\/div>\n\t\t\t<\/div>\n\t\t<\/div>\n\t\t\t\t\t\t<\/div>\n\t\t\t<\/div>\n\t\t<\/section>\n\t\t\t\t<section class=\"elementor-element elementor-element-54f3113 elementor-section-boxed elementor-section-height-default elementor-section-height-default elementor-section elementor-top-section\"   data-id=\"54f3113\"   data-element_type=\"section\">\n\t\t\t\t\t\t<div class=\"elementor-container elementor-column-gap-default\">\n\t\t\t\t<div class=\"elementor-row\">\n\t\t\t\t<div class=\"elementor-element elementor-element-c252a20 elementor-column elementor-col-100 elementor-top-column\"   data-id=\"c252a20\"  data-element_type=\"column\">\n\t\t\t<div class=\"elementor-column-wrap  elementor-element-populated\">\n\t\t\t\t\t<div class=\"elementor-widget-wrap\">\n\t\t\t\t<div class=\"elementor-element elementor-element-f46056c elementor-skin-carousel elementor-arrows-yes elementor-pagination-type-bullets elementor-pagination-position-outside elementor-widget elementor-widget-media-carousel\"   data-id=\"f46056c\"   data-element_type=\"widget\"   data-settings=\"{&quot;skin&quot;:&quot;carousel&quot;,&quot;effect&quot;:&quot;slide&quot;,&quot;show_arrows&quot;:&quot;yes&quot;,&quot;pagination&quot;:&quot;bullets&quot;,&quot;speed&quot;:500,&quot;autoplay&quot;:&quot;yes&quot;,&quot;autoplay_speed&quot;:5000,&quot;loop&quot;:&quot;yes&quot;,&quot;pause_on_interaction&quot;:&quot;yes&quot;,&quot;space_between&quot;:{&quot;unit&quot;:&quot;px&quot;,&quot;size&quot;:10,&quot;sizes&quot;:[]},&quot;space_between_tablet&quot;:{&quot;unit&quot;:&quot;px&quot;,&quot;size&quot;:10,&quot;sizes&quot;:[]},&quot;space_between_mobile&quot;:{&quot;unit&quot;:&quot;px&quot;,&quot;size&quot;:10,&quot;sizes&quot;:[]}}\"   data-widget_type=\"media-carousel.default\">\n\t\t\t\t<div class=\"elementor-widget-container\">\n\t\t\t\t\t<div class=\"elementor-swiper\">\n\t\t\t<div class=\"elementor-main-swiper swiper-container\">\n\t\t\t\t<div class=\"swiper-wrapper\">\n\t\t\t\t\t\t\t\t\t\t\t<div class=\"swiper-slide\">\n\t\t\t\t\t\t\t\t\t<div class=\"elementor-carousel-image\"   style=\"background-image: url(https:\/\/www.chaplin.ee\/wp-content\/uploads\/2020\/06\/download-3.png)\">\n\t\t\t\t\t<\/div>\n\t\t\t\t\t\t\t\t<\/div>\n\t\t\t\t\t\t\t\t\t\t\t<div class=\"swiper-slide\">\n\t\t\t\t\t\t\t\t\t<div class=\"elementor-carousel-image\"   style=\"background-image: url(https:\/\/www.chaplin.ee\/wp-content\/uploads\/2020\/06\/download.png)\">\n\t\t\t\t\t<\/div>\n\t\t\t\t\t\t\t\t<\/div>\n\t\t\t\t\t\t\t\t\t\t\t<div class=\"swiper-slide\">\n\t\t\t\t\t\t\t\t\t<div class=\"elementor-carousel-image\"   style=\"background-image: url(https:\/\/www.chaplin.ee\/wp-content\/uploads\/2020\/06\/download-1.png)\">\n\t\t\t\t\t<\/div>\n\t\t\t\t\t\t\t\t<\/div>\n\t\t\t\t\t\t\t\t\t\t\t<div class=\"swiper-slide\">\n\t\t\t\t\t\t\t\t\t<div class=\"elementor-carousel-image\"   style=\"background-image: url(https:\/\/www.chaplin.ee\/wp-content\/uploads\/2020\/06\/Tallink_200x100.jpg)\">\n\t\t\t\t\t<\/div>\n\t\t\t\t\t\t\t\t<\/div>\n\t\t\t\t\t\t\t\t\t\t\t<div class=\"swiper-slide\">\n\t\t\t\t\t\t\t\t\t<div class=\"elementor-carousel-image\"   style=\"background-image: url(https:\/\/www.chaplin.ee\/wp-content\/uploads\/2020\/06\/download-4.png)\">\n\t\t\t\t\t<\/div>\n\t\t\t\t\t\t\t\t<\/div>\n\t\t\t\t\t\t\t\t\t\t\t<div class=\"swiper-slide\">\n\t\t\t\t\t\t\t\t\t<div class=\"elementor-carousel-image\"   style=\"background-image: url(https:\/\/www.chaplin.ee\/wp-content\/uploads\/2020\/07\/mona-uus.png)\">\n\t\t\t\t\t<\/div>\n\t\t\t\t\t\t\t\t<\/div>\n\t\t\t\t\t\t\t\t\t\t\t<div class=\"swiper-slide\" >\n\t\t\t\t\t\t\t\t\t<div class=\"elementor-carousel-image\"   style=\"background-image: url(https:\/\/www.chaplin.ee\/wp-content\/uploads\/2020\/07\/efi.png)\">\n\t\t\t\t\t<\/div>\n\t\t\t\t\t\t\t\t<\/div>\n\t\t\t\t\t\t\t\t\t<\/div>\n\t\t\t\t\t\t\t\t\t\t\t\t\t\t\t<div class=\"swiper-pagination\"><\/div>\n\t\t\t\t\t\t\t\t\t\t\t\t\t\t\t\t<div class=\"elementor-swiper-button elementor-swiper-button-prev\">\n\t\t\t\t\t\t\t<i class=\"eicon-chevron-left\" aria-hidden=\"true\"><\/i>\n\t\t\t\t\t\t\t<span class=\"elementor-screen-only\">Previous<\/span>\n\t\t\t\t\t\t<\/div>\n\t\t\t\t\t\t<div class=\"elementor-swiper-button elementor-swiper-button-next\">\n\t\t\t\t\t\t\t<i class=\"eicon-chevron-right\" aria-hidden=\"true\"><\/i>\n\t\t\t\t\t\t\t<span class=\"elementor-screen-only\">Next<\/span>\n\t\t\t\t\t\t<\/div>\n\t\t\t\t\t\t\t\t\t\t\t\t<\/div>\n\t\t<\/div>\n\t\t\t\t<\/div>\n\t\t\t\t<\/div>\n\t\t\t\t\t\t<\/div>\n\t\t\t<\/div>\n\t\t<\/div>\n\t\t\t\t\t\t<\/div>\n\t\t\t<\/div>\n\t\t<\/section>\n\t\t\t\t\t\t<\/div>\n\t\t\t<\/div>\n\t\t<\/div>","protected":false},"excerpt":{"rendered":"<p>XXXVII P\u00e4rnu Film Festival thanks its supporters. \u00a0 This year they are Moller Auto P\u00e4rnu, Jaanihanso, Hotel Victoria, Nordic Verdure, FARMI, Cultural Endowment of Estonia, the City of P\u00e4rnu, Estonian Film Institute, P\u00e4rnu Vanalinna School, RGB Baltic, Estonian Television, the Port of P\u00e4rnu, the Embassy of the Republic of Poland and the Estonian National Museum&#8230;.<\/p>","protected":false},"author":1,"featured_media":0,"parent":0,"menu_order":0,"comment_status":"closed","ping_status":"open","template":"","meta":{"_EventAllDay":false,"_EventTimezone":"","_EventStartDate":"","_EventEndDate":"","_EventStartDateUTC":"","_EventEndDateUTC":"","_EventShowMap":false,"_EventShowMapLink":false,"_EventURL":"","_EventCost":"","_EventCostDescription":"","_EventCurrencySymbol":"","_EventCurrencyPosition":"","_EventDateTimeSeparator":"","_EventTimeRangeSeparator":"","_EventOrganizerID":[],"_EventVenueID":0,"_OrganizerEmail":"","_OrganizerPhone":"","_OrganizerWebsite":"","_VenueAddress":"","_VenueCity":"","_VenueCountry":"","_VenueProvince":"","_VenueZip":"","_VenuePhone":"","_VenueURL":"","_VenueStateProvince":"","_VenueLat":"","_VenueLng":""},"_links":{"self":[{"href":"https:\/\/www.chaplin.ee\/et\/wp-json\/wp\/v2\/pages\/882"}],"collection":[{"href":"https:\/\/www.chaplin.ee\/et\/wp-json\/wp\/v2\/pages"}],"about":[{"href":"https:\/\/www.chaplin.ee\/et\/wp-json\/wp\/v2\/types\/page"}],"author":[{"embeddable":true,"href":"https:\/\/www.chaplin.ee\/et\/wp-json\/wp\/v2\/users\/1"}],"replies":[{"embeddable":true,"href":"https:\/\/www.chaplin.ee\/et\/wp-json\/wp\/v2\/comments?post=882"}],"version-history":[{"count":16,"href":"https:\/\/www.chaplin.ee\/et\/wp-json\/wp\/v2\/pages\/882\/revisions"}],"predecessor-version":[{"id":17861,"href":"https:\/\/www.chaplin.ee\/et\/wp-json\/wp\/v2\/pages\/882\/revisions\/17861"}],"wp:attachment":[{"href":"https:\/\/www.chaplin.ee\/et\/wp-json\/wp\/v2\/media?parent=882"}],"curies":[{"name":"wp","href":"https:\/\/api.w.org\/{rel}","templated":true}]}}