{"id":163,"date":"2015-04-15T14:16:46","date_gmt":"2015-04-15T14:16:46","guid":{"rendered":"http:\/\/welfare.cmsmasters.net\/?page_id=163"},"modified":"2021-07-10T08:11:57","modified_gmt":"2021-07-10T08:11:57","slug":"contacts","status":"publish","type":"page","link":"https:\/\/www.chaplin.ee\/et\/contacts\/","title":{"rendered":"Kontaktid"},"content":{"rendered":"<div id=\"cmsmasters_row_goi27bcezk\"   class=\"cmsmasters_row cmsmasters_color_scheme_default cmsmasters_row_top_default cmsmasters_row_bot_default cmsmasters_row_boxed\">\n<div class=\"cmsmasters_row_outer_parent\">\n<div class=\"cmsmasters_row_outer\">\n<div class=\"cmsmasters_row_inner\">\n<div class=\"cmsmasters_row_margin\">\n<div id=\"cmsmasters_column_upgsbtuok8\"   class=\"cmsmasters_column one_third\">\n<div class=\"cmsmasters_column_inner\" ><div id=\"cmsmasters_icon_2cmtppi1ta\"   class=\"cmsmasters_icon_wrap\"><span class=\"cmsmasters_simple_icon cmsmasters-icon-location-3\"><\/span><span class=\"cmsmasters_simple_icon_title\"><\/span><\/div>\n<div class=\"cmsmasters_text\">\n<h4 style=\"text-align: center;\">R\u00fc\u00fctli 40a, P\u00e4rnu, 80010 Estonia<\/h4>\n<\/div>\n<\/div><\/div>\n<div id=\"cmsmasters_column_qsq35spn44\"   class=\"cmsmasters_column one_third\">\n<div class=\"cmsmasters_column_inner\"><div id=\"cmsmasters_icon_mpffmi81f9\"   class=\"cmsmasters_icon_wrap\"><span class=\"cmsmasters_simple_icon cmsmasters-icon-mail-3\"><\/span><span class=\"cmsmasters_simple_icon_title\" ><\/span><\/div>\n<div class=\"cmsmasters_text\">\n<h4 style=\"text-align: center;\">festival @ chaplin.ee<\/h4>\n<\/div>\n<\/div><\/div>\n<div id=\"cmsmasters_column_hozu1dhxg\"   class=\"cmsmasters_column one_third\">\n<div class=\"cmsmasters_column_inner\"><div id=\"cmsmasters_icon_abfyi9zptk\"   class=\"cmsmasters_icon_wrap\"><span class=\"cmsmasters_simple_icon cmsmasters-icon-phone-alt\"><\/span><span class=\"cmsmasters_simple_icon_title\"><\/span><\/div>\n<div class=\"cmsmasters_text\">\n<h4 style=\"text-align: center;\">+372 50 24 947<\/h4>\n<\/div>\n<\/div><\/div>\n<\/div>\n<\/div>\n<\/div>\n<\/div>\n<\/div>\n\n<div id=\"cmsmasters_row_f62f24b139\"   class=\"cmsmasters_row cmsmasters_color_scheme_default cmsmasters_row_top_default cmsmasters_row_bot_default cmsmasters_row_boxed\">\n<div class=\"cmsmasters_row_outer_parent\">\n<div class=\"cmsmasters_row_outer\">\n<div class=\"cmsmasters_row_inner\">\n<div class=\"cmsmasters_row_margin\">\n<div id=\"cmsmasters_column_917f22f6ed\"   class=\"cmsmasters_column one_half\">\n<div class=\"cmsmasters_column_inner\"><div id=\"cmsmasters_heading_o0sfvtw4cj\"   class=\"cmsmasters_heading_wrap cmsmasters_heading_align_left\">\n\t<h2 class=\"cmsmasters_heading\">P\u00e4rnu Filmifestivali meeskond<\/h2>\n<\/div>\n<div id=\"cmsmasters_profile_69f49214660e7\"   class=\"cmsmasters_profile vertical\">\n<!-- Start Profile Vertical Article -->\r\n<article id=\"post-11021\"   class=\"cmsmasters_profile_vertical post-11021 profile type-profile status-publish has-post-thumbnail hentry pl-categs-staff\">\r\n\t<div class=\"profile_outer\">\r\n\t<div class=\"cmsmasters_profile_img_wrap\"><figure class=\"cmsmasters_img_rollover_wrap preloader\"><img width=\"150\"   height=\"150\"   src=\"https:\/\/www.chaplin.ee\/wp-content\/uploads\/2016\/06\/MarkSoosaar-150x150-1.jpg\"   class=\"full-width wp-post-image\"   alt=\"Mark Soosaar\"   loading=\"lazy\"   title=\"Mark Soosaar\"   srcset=\"https:\/\/www.chaplin.ee\/wp-content\/uploads\/2016\/06\/MarkSoosaar-150x150-1.jpg 150w, https:\/\/www.chaplin.ee\/wp-content\/uploads\/2016\/06\/MarkSoosaar-150x150-1-70x70.jpg 70w\"   sizes=\"(max-width: 150px) 100vw, 150px\" \/><div class=\"cmsmasters_img_rollover\"><a href=\"https:\/\/www.chaplin.ee\/et\/profile\/julia-jameson-2\/\"   title=\"Mark Soosaar\"   class=\"cmsmasters_open_post_link cmsmasters_theme_icon_post_link\"><\/a><\/div><\/figure><\/div><div class=\"profile_inner\" ><header class=\"cmsmasters_profile_header entry-header\"><h2 class=\"cmsmasters_profile_title entry-title\"><a href=\"https:\/\/www.chaplin.ee\/et\/profile\/julia-jameson-2\/\">Mark Soosaar<\/a><\/h2><h4 class=\"cmsmasters_profile_subtitle\">Head of the P\u00e4rnu Film Festival       festival@chaplin.ee<\/h4><\/header><div class=\"cl\"><\/div><\/div>\t<\/div>\r\n<\/article>\r\n<!-- Finish Profile Vertical Article -->\r\n\r\n<!-- Start Profile Vertical Article -->\r\n<article id=\"post-14843\"   class=\"cmsmasters_profile_vertical post-14843 profile type-profile status-publish has-post-thumbnail hentry pl-categs-staff\">\r\n\t<div class=\"profile_outer\">\r\n\t<div class=\"cmsmasters_profile_img_wrap\"><figure class=\"cmsmasters_img_rollover_wrap preloader\"><img width=\"150\"   height=\"150\"   src=\"https:\/\/www.chaplin.ee\/wp-content\/uploads\/2020\/08\/Marie-150x150-1.png\"   class=\"full-width wp-post-image\"   alt=\"Marie Virta\"   loading=\"lazy\"   title=\"Marie Virta\"   srcset=\"https:\/\/www.chaplin.ee\/wp-content\/uploads\/2020\/08\/Marie-150x150-1.png 150w, https:\/\/www.chaplin.ee\/wp-content\/uploads\/2020\/08\/Marie-150x150-1-70x70.png 70w\"   sizes=\"(max-width: 150px) 100vw, 150px\" \/><div class=\"cmsmasters_img_rollover\"><a href=\"https:\/\/www.chaplin.ee\/et\/profile\/max-turner\/\"   title=\"Marie Virta\"   class=\"cmsmasters_open_post_link cmsmasters_theme_icon_post_link\"><\/a><\/div><\/figure><\/div><div class=\"profile_inner\" ><header class=\"cmsmasters_profile_header entry-header\"><h2 class=\"cmsmasters_profile_title entry-title\"><a href=\"https:\/\/www.chaplin.ee\/et\/profile\/max-turner\/\">Marie Virta<\/a><\/h2><h4 class=\"cmsmasters_profile_subtitle\"  >Guest Service  \u00a0\u00a0\u00a0\u00a0\u00a0\u00a0&nbsp;&nbsp;\u00a0\u00a0\u00a0\u00a0\u00a0\u00a0\u00a0\u00a0\u00a0\u00a0\u00a0\u00a0\u00a0\u00a0\u00a0\u00a0\u00a0\u00a0\u00a0\u00a0 marie@chaplin.ee<\/h4><\/header><div class=\"cl\"><\/div><\/div>\t<\/div>\r\n<\/article>\r\n<!-- Finish Profile Vertical Article -->\r\n\r\n<!-- Start Profile Vertical Article -->\r\n<article id=\"post-16561\"   class=\"cmsmasters_profile_vertical post-16561 profile type-profile status-publish has-post-thumbnail hentry pl-categs-staff\">\r\n\t<div class=\"profile_outer\">\r\n\t<div class=\"cmsmasters_profile_img_wrap\"><figure class=\"cmsmasters_img_rollover_wrap preloader\"><img width=\"150\"   height=\"150\"   src=\"https:\/\/www.chaplin.ee\/wp-content\/uploads\/2020\/07\/K.Orav-150x150-1.jpg\"   class=\"full-width wp-post-image\"   alt=\"Kadi Orav\"   loading=\"lazy\"   title=\"Kadi Orav\"   srcset=\"https:\/\/www.chaplin.ee\/wp-content\/uploads\/2020\/07\/K.Orav-150x150-1.jpg 150w, https:\/\/www.chaplin.ee\/wp-content\/uploads\/2020\/07\/K.Orav-150x150-1-70x70.jpg 70w\"   sizes=\"(max-width: 150px) 100vw, 150px\" \/><div class=\"cmsmasters_img_rollover\"><a href=\"https:\/\/www.chaplin.ee\/et\/profile\/kadi-orav\/\"   title=\"Kadi Orav\"   class=\"cmsmasters_open_post_link cmsmasters_theme_icon_post_link\"><\/a><\/div><\/figure><\/div><div class=\"profile_inner\"><header class=\"cmsmasters_profile_header entry-header\"><h2 class=\"cmsmasters_profile_title entry-title\"><a href=\"https:\/\/www.chaplin.ee\/et\/profile\/kadi-orav\/\">Kadi Orav<\/a><\/h2><h4 class=\"cmsmasters_profile_subtitle\">Festival Office    \u00a0\u00a0\u00a0\u00a0\u00a0\u00a0&nbsp;&nbsp;\u00a0\u00a0\u00a0\u00a0\u00a0\u00a0\u00a0\u00a0\u00a0\u00a0\u00a0\u00a0\u00a0\u00a0\u00a0\u00a0\u00a0\u00a0\u00a0\u00a0\u00a0\u00a0  kadi@chaplin.ee<\/h4><\/header><div class=\"cl\"><\/div><\/div>\t<\/div>\r\n<\/article>\r\n<!-- Finish Profile Vertical Article -->\r\n\r\n<\/div>\n<\/div><\/div>\n<div id=\"cmsmasters_column_3ba7335ac7\"   class=\"cmsmasters_column one_half\">\n<div class=\"cmsmasters_column_inner\"><div id=\"cmsmasters_heading_qmht5x8wqv\"   class=\"cmsmasters_heading_wrap cmsmasters_heading_align_center\">\n\t<h2 class=\"cmsmasters_heading\">V\u00f5tke meiega \u00fchendust<\/h2>\n<\/div>\n<div class=\"cmsmasters_contact_form\"><div class=\"cmsmasters-form-builder\">\n<div class=\"cmsmasters_notice cmsmasters_notice_success cmsmasters_theme_icon_check success_box\"   style=\"display:none;\">\n<div class=\"notice_icon\"><\/div>\n<div class=\"notice_content\">\n<p>Thank You! <br \/>Your message has been sent successfully.<\/p>\n<\/div>\n<\/div>\n<script type=\"text\/javascript\"> \nvar captchaWidgetRender = []; \nvar validateCaptcha = function(){\r\n\t\t\t\t\t\t\tcaptchaWidgetRender.forEach(function(item_fn){\r\n\t\t\t\t\t\t\t\tif(typeof item_fn === \"function\"){\r\n\t\t\t\t\t\t\t\t\titem_fn();\r\n\t\t\t\t\t\t\t\t}\r\n\t\t\t\t\t\t\t});\r\n\t\t\t\t\t\t};\njQuery(document).ready(function () { \n\tjQuery('#form_164').validationEngine('attach', { \n\t\tpromptPosition : 'topRight', \n\t\tscroll : false, \n\t\tautoPositionUpdate : true, \n\t\tshowArrow : false \n\t\t} ); \n\tjQuery('#form_164 a#cmsmasters_164_formsend').click(function () { \n\t\tjQuery('#form_164 .loading').animate( { opacity : 1 } , 250); \n\t\tif (jQuery('#form_164').validationEngine('validate')) { \n\t\t\tjQuery.post('https:\/\/www.chaplin.ee\/wp-content\/plugins\/cmsmasters-contact-form-builder\/inc\/form-builder-sendmail.php', { \n\t\t\t\tcmsmasters_name : jQuery('#cmsmasters_name').val(), \n\t\t\t\tcmsmasters_email : jQuery('#cmsmasters_email').val(), \n\t\t\t\tcmsmasters_message_2 : jQuery('#cmsmasters_message_2').val(), \n\t\t\t\tcontactemail : 'MTY0fGZlc3RpdmFsQGNoYXBsaW4uZWV8MTY0', \n\t\t\t\tformname : '164', \r\t\t\tfromname : 'wordpress' \r\t\t\t}, function (data) { \n\t\t\t\tjQuery('#form_164 .loading').animate( { opacity : 0 } , 250); \n\t\t\t\tjQuery('#form_164').fadeOut('slow'); \n\t\t\t\tdocument.getElementById('form_164').reset(); \n\t\t\t\tjQuery('#form_164').parent().find('.box').hide(); \n\t\t\t\tjQuery('#form_164').parent().find('.success_box').fadeIn('fast'); \n\t\t\t\tjQuery('html, body').animate( { scrollTop : jQuery('#form_164').offset().top - 140 } , 'slow'); \n\t\t\t\tjQuery('#form_164').parent().find('.success_box').delay(5000).fadeOut(1000, function () { \n\t\t\t\t\tjQuery('#form_164').fadeIn('slow'); \r\t\t\t\t} ); \r\t\t\t} ); \n\t\t\treturn false; \r\t\t} else { \n\t\t\tjQuery('#form_164 .loading').animate( { opacity : 0 } , 250); \n\t\t\treturn false; \r\t\t} \r\t} ); \r} ); \n<\/script>\n<form action=\"#\"   method=\"post\"   id=\"form_164\"  data-trp-original-action=\"#\">\n\n<div class=\"form_info cmsmasters_input one_half\">\n\t<label for=\"cmsmasters_name\">Nimi<\/label>\n\t<div class=\"form_field_wrap\">\n\t\t<input type=\"text\"   name=\"cmsmasters_name\"   id=\"cmsmasters_name\"   value=\"\" size=\"35\" \/>\r\t<\/div>\n<\/div>\n<div class=\"form_info cmsmasters_input one_half\">\n\t<label for=\"cmsmasters_email\">Email<\/label>\n\t<div class=\"form_field_wrap\">\n\t\t<input type=\"text\"   name=\"cmsmasters_email\"   id=\"cmsmasters_email\"   value=\"\"  size=\"35\" \/>\r\t<\/div>\n<\/div>\n<div class=\"form_info cmsmasters_textarea one_first\">\n\t<label for=\"cmsmasters_message_2\">S\u00f5num<\/label>\n\t<div class=\"form_field_wrap\">\n\t\t<textarea name=\"cmsmasters_message_2\"   id=\"cmsmasters_message_2\"   cols=\"60\"><\/textarea>\r\t<\/div>\n<\/div>\n<div class=\"cl\"><\/div>\n<div class=\"loading\"><\/div>\n<div class=\"form_info submit_wrap\">\n<a id=\"cmsmasters_164_formsend\"   class=\"cmsmasters_button\"   href=\"#\"><span>SAADA <\/span><\/a>\n<\/div>\n<div class=\"cl\"><\/div>\n<input type=\"hidden\"  name=\"trp-form-language\"  value=\"et\"\/><\/form>\n<\/div><\/div>\n<div id=\"cmsmasters_heading_i5bwojy9zo\"   class=\"cmsmasters_heading_wrap cmsmasters_heading_align_center\">\n\t<h2 class=\"cmsmasters_heading\">Aadress <\/h2>\n<\/div><iframe src=\"https:\/\/www.google.com\/maps\/embed?pb=!1m18!1m12!1m3!1d2091.4799169705525!2d24.503026715606136!3d58.385307493391835!2m3!1f0!2f0!3f0!3m2!1i1024!2i768!4f13.1!3m3!1m2!1s0x46ecfd22ea38da45%3A0x88732adf07ef7c69!2zUsO8w7x0bGkgNDBhLCBQw6RybnUsIDgwMDExIFDDpHJudSBtYWFrb25k!5e0!3m2!1set!2see!4v1625904352511!5m2!1set!2see\"   width=\"600\"   height=\"450\"   style=\"border:0;\"   allowfullscreen=\"\"   loading=\"lazy\"><\/iframe>\n<div id=\"cmsmasters_heading_i5bwojy9zo\"   class=\"cmsmasters_heading_wrap cmsmasters_heading_align_center\">\n\t<h2 class=\"cmsmasters_heading\">Festivali Palee, Nikolai tn 26. <\/h2>\n<\/div><iframe src=\"https:\/\/www.google.com\/maps\/embed?pb=!1m18!1m12!1m3!1d2091.630165967536!2d24.498193015606024!3d58.382773793593!2m3!1f0!2f0!3f0!3m2!1i1024!2i768!4f13.1!3m3!1m2!1s0x46ecfd1823070ed5%3A0xa73dc3e6e8680e98!2sNikolai%2026%2C%20P%C3%A4rnu%2C%2080014%20P%C3%A4rnu%20maakond!5e0!3m2!1set!2see!4v1625904640280!5m2!1set!2see\"   width=\"600\"   height=\"450\"   style=\"border:0;\"   allowfullscreen=\"\"   loading=\"lazy\"><\/iframe>\n<div id=\"cmsmasters_row_7dcd798fcf\"   class=\"cmsmasters_row cmsmasters_color_scheme_default cmsmasters_row_top_default cmsmasters_row_bot_default cmsmasters_row_boxed\">\n<div class=\"cmsmasters_row_outer_parent\">\n<div class=\"cmsmasters_row_outer\">\n<div class=\"cmsmasters_row_inner\">\n<div class=\"cmsmasters_row_margin\">\n<\/div>\n<\/div>\n<\/div>\n<\/div>\n<\/div>\n<div id=\"cmsmasters_column_8402a6b386\"   class=\"cmsmasters_column one_first\">\n<div class=\"cmsmasters_column_inner\"><\/div><\/div>\n<div id=\"cmsmasters_heading_9c3087e917\"   class=\"cmsmasters_heading_wrap cmsmasters_heading_align_center\">\n\t<h3 class=\"cmsmasters_heading\">K\u00fcsimuste korral kirjutage e-mail  festival@ chaplin.ee v\u00f5i helistage +3725024947.<\/h3>\n<\/div>\n<\/div><\/div>\n<\/div>\n<\/div>\n<\/div>\n<\/div>\n<\/div>\n\n<div id=\"cmsmasters_row_zdgmnnkbrg\"   class=\"cmsmasters_row cmsmasters_color_scheme_default cmsmasters_row_top_default cmsmasters_row_bot_default cmsmasters_row_boxed\">\n<div class=\"cmsmasters_row_outer_parent\">\n<div class=\"cmsmasters_row_outer\">\n<div class=\"cmsmasters_row_inner\">\n<div class=\"cmsmasters_row_margin\">\n<div id=\"cmsmasters_column_y81kd8e1m8\"   class=\"cmsmasters_column one_first\">\n<div class=\"cmsmasters_column_inner\"><div class=\"cmsmasters_contact_form\"><\/div>\n<\/div><\/div>\n<\/div>\n<\/div>\n<\/div>\n<\/div>\n<\/div>","protected":false},"excerpt":{"rendered":"","protected":false},"author":1,"featured_media":0,"parent":0,"menu_order":0,"comment_status":"closed","ping_status":"open","template":"","meta":{"_EventAllDay":false,"_EventTimezone":"","_EventStartDate":"","_EventEndDate":"","_EventStartDateUTC":"","_EventEndDateUTC":"","_EventShowMap":false,"_EventShowMapLink":false,"_EventURL":"","_EventCost":"","_EventCostDescription":"","_EventCurrencySymbol":"","_EventCurrencyPosition":"","_EventDateTimeSeparator":"","_EventTimeRangeSeparator":"","_EventOrganizerID":[],"_EventVenueID":0,"_OrganizerEmail":"","_OrganizerPhone":"","_OrganizerWebsite":"","_VenueAddress":"","_VenueCity":"","_VenueCountry":"","_VenueProvince":"","_VenueZip":"","_VenuePhone":"","_VenueURL":"","_VenueStateProvince":"","_VenueLat":"","_VenueLng":""},"_links":{"self":[{"href":"https:\/\/www.chaplin.ee\/et\/wp-json\/wp\/v2\/pages\/163"}],"collection":[{"href":"https:\/\/www.chaplin.ee\/et\/wp-json\/wp\/v2\/pages"}],"about":[{"href":"https:\/\/www.chaplin.ee\/et\/wp-json\/wp\/v2\/types\/page"}],"author":[{"embeddable":true,"href":"https:\/\/www.chaplin.ee\/et\/wp-json\/wp\/v2\/users\/1"}],"replies":[{"embeddable":true,"href":"https:\/\/www.chaplin.ee\/et\/wp-json\/wp\/v2\/comments?post=163"}],"version-history":[{"count":15,"href":"https:\/\/www.chaplin.ee\/et\/wp-json\/wp\/v2\/pages\/163\/revisions"}],"predecessor-version":[{"id":17348,"href":"https:\/\/www.chaplin.ee\/et\/wp-json\/wp\/v2\/pages\/163\/revisions\/17348"}],"wp:attachment":[{"href":"https:\/\/www.chaplin.ee\/et\/wp-json\/wp\/v2\/media?parent=163"}],"curies":[{"name":"wp","href":"https:\/\/api.w.org\/{rel}","templated":true}]}}