{"id":15951,"date":"2020-06-24T17:38:38","date_gmt":"2020-06-24T17:38:38","guid":{"rendered":"http:\/\/www.chaplin.ee\/?page_id=15951"},"modified":"2025-12-09T10:49:34","modified_gmt":"2025-12-09T10:49:34","slug":"regulations","status":"publish","type":"page","link":"https:\/\/www.chaplin.ee\/et\/regulations\/","title":{"rendered":"Reglemendid"},"content":{"rendered":"<div class=\"boldgrid-section\" >\n<div class=\"container\">\n<div class=\"row\">\n<div class=\"col-md-12 col-xs-12 col-sm-12\">\n<p class=\"\"   style=\"text-align: center;\"><b>THE P\u00c4RNU FILM FESTIVAL<\/b><\/p>\n<p class=\"\">&nbsp;<\/p>\n<p class=\"\">&nbsp;<\/p>\n<p class=\"\"   style=\"text-align: center;\"><span style=\"font-weight: 400;\">REQUIREMENTS FOR SUBMISSION AND SCREENINGS<\/span><\/p>\n<p class=\"\"><span style=\"font-weight: 400;\">The length of films for the competition is not limited.<\/span><\/p>\n<p class=\"\"><span style=\"font-weight: 400;\">In terms of screenings at other festivals, and earlier awards, there are&nbsp;no restrictions for the submission. In terms of years of production, and dates of first public screenings,&nbsp;there are no&nbsp;restrictions.<\/span><\/p>\n<p><span style=\"font-weight: 400;\" >Films which have not been selected for competition may be shown in the&nbsp;information program of the festival.<\/span><\/p>\n<p class=\"\"><span style=\"font-weight: 400;\">Films can be screened at the festival only in case if they have commentary, dialogue or&nbsp;subtitles in English.<\/span><\/p>\n<p><span style=\"font-weight: 400;\">The P\u00e4rnu Film Festival accepts the following screening formats as<\/span><\/p>\n<p><span style=\"font-weight: 400;\"  >files with full HD resolution: mov, avi, mp4, DCP.<\/span><\/p>\n<p class=\"\"><span style=\"font-weight: 400;\">Presentation of other formats and video systems requires the&nbsp;authorization of the festival.<\/span><\/p>\n<p class=\"\">&nbsp;<\/p>\n<p class=\"\"   style=\"text-align: center;\"><span style=\"font-weight: 400;\">ENTERING YOUR DOCUMENTARY<\/span><\/p>\n<p><span style=\"font-weight: 400;\"  >The early deadline (with a submission fee of 10 euros) is May 1, 2026.<\/span><\/p>\n<p class=\"\"><span style=\"font-weight: 400;\">The final deadline (with a submission fee of 20 euros from May 2 to July 1) is July 1, 2026.<\/span><\/p>\n<p class=\"\"><span style=\"font-weight: 400;\">P\u00c4RNU FILM FESTIVAL MUST RECEIVE:<\/span><\/p>\n<ol>\n<li><span style=\"font-weight: 400;\">a) A completed entry form (available on our homepage)<\/span><\/li>\n<\/ol>\n<p><span style=\"font-weight: 400;\">On the entry form, please provide detailed information&nbsp;of the film&nbsp;and add the synopsis.<\/span><\/p>\n<ol>\n<li><span style=\"font-weight: 400;\" >b) Preview screener in file format or as an online link. Submitted film&nbsp;must have a voice-over or dialogue or&nbsp;subtitles in English.<\/span><\/li>\n<\/ol>\n<p><span style=\"font-weight: 400;\">The e-mail address for sending video files, links and other submission<\/span><\/p>\n<p><span style=\"font-weight: 400;\">materials is <\/span><a href=\"mailto:festival@chaplin.ee\"><span style=\"font-weight: 400;\">festival@chaplin.ee<\/span><\/a><\/p>\n<p class=\"\"><span style=\"font-weight: 400;\">ATTENDING THE FESTIVAL<\/span><\/p>\n<p><span style=\"font-weight: 400;\" >The festival is a low budget non-profit event and does not pay screening&nbsp;fees.<\/span><\/p>\n<p><span style=\"font-weight: 400;\" >All authors of film nominees for prizes, they are invited to attend the festival in person and will be&nbsp;provided with a nice hotel in P\u00e4rnu, the summer capital of Estonia.&nbsp;<\/span><\/p>\n<p><span style=\"font-weight: 400;\">The festival covers travel costs for filmmakers in very extra cases only.<\/span><\/p>\n<p><span style=\"font-weight: 400;\">SELECTION PROCEDURE AND FOLLOW-UP<\/span><\/p>\n<p><span style=\"font-weight: 400;\">The festival team selects docs that will participate&nbsp;in the festival program. In case of a film being selected,&nbsp;the festival will notify the applicant of the film (who submitted the&nbsp;entry&nbsp;form) by August 1, 2026 at the latest.<\/span><\/p>\n<p><span style=\"font-weight: 400;\" >After the selection, the following materials must be sent to the&nbsp;festival by September 1st, 2026:<\/span><\/p>\n<p><span style=\"font-weight: 400;\">* Two high-resolution film stills or 2 photos of the film (full-colour,&nbsp;resolution of 300 dpi, preferably in JPG format).<\/span><\/p>\n<p><span style=\"font-weight: 400;\" >* The dialogue list in English for the translation.<\/span><\/p>\n<p><span style=\"font-weight: 400;\">The e-mail for sending the required materials is: <\/span><a href=\"mailto:festival@chaplin.ee\"><span style=\"font-weight: 400;\">festival@chaplin.ee<\/span><\/a><\/p>\n<p><span style=\"font-weight: 400;\">AUTHORISATIONS<\/span><\/p>\n<p><span style=\"font-weight: 400;\">After the selection of a documentary, the festival has rights to:<\/span><\/p>\n<p><span style=\"font-weight: 400;\">* Screen the film at the festival theatres during the festival dates as&nbsp;many times as the team of festival has decided.<\/span><\/p>\n<p><span style=\"font-weight: 400;\" >*Use a maximum of 2 minutes of video from the doc or the trailer for advertising of the festival.<\/span><\/p>\n<p><span style=\"font-weight: 400;\">* Use the publicity material of the selected film (electronic press kit,&nbsp;press books, posters, stills, etc.) to promote the festival.<\/span><\/p>\n<p><span style=\"font-weight: 400;\"  >* Archive the doc&nbsp;for non-circulating reference and educational purposes.<\/span><\/p>\n<p><span style=\"font-weight: 400;\"  >* After the festival, the selected films may be screened at the &#8216;P\u00e4rnu&nbsp;FF on Tour&#8217; for free.<\/span><\/p>\n<p><span style=\"font-weight: 400;\"  >This selection of festival films could be screened&nbsp;after the festival in a limited number of&nbsp;Estonian theatres if&nbsp; these screenings are free to the public.<\/span><\/p>\n<p><span style=\"font-weight: 400;\">JURIES AND AWARDS<\/span><\/p>\n<p><span style=\"font-weight: 400;\">The festival team will nominate the jury members, who are&nbsp;outstanding filmmakers and professionals in the field from different&nbsp;countries.<\/span><\/p>\n<p><span style=\"font-weight: 400;\">The festival prizes are authentic ethnic handicrafts of recognized Estonian masters.<\/span><\/p>\n<p><span style=\"font-weight: 400;\"  >Main prizes (Estonian People&#8217;s Award and Grand Prize) are handwoven ethnic wedding blankets from the West Coast of Estonia.<\/span><\/p>\n<p><span style=\"font-weight: 400;\">There are 5 categories of competition:<\/span><\/p>\n<p><span style=\"font-weight: 400;\">COMPETITION ON ESTONIAN TELEVISION:<\/span><\/p>\n<p><span style=\"font-weight: 400;\" >During the festival, five outstanding documentaries will be broadcast on Estonian TV. The TV-audience will vote for the best film to be awarded with the ESTONIAN PEOPLE&#8217;S AWARD.<\/span><\/p>\n<p><span style=\"font-weight: 400;\">The award ceremony date and time will be announced as soon as possible.<\/span><\/p>\n<p><span style=\"font-weight: 400;\"  >&nbsp;<\/span><\/p>\n<p><span style=\"font-weight: 400;\">&nbsp;INTERNATIONAL DOCUMENTARY COMPETITION:<\/span><\/p>\n<ul>\n<li><span style=\"font-weight: 400;\" >Grand Prize of the festival to the best artistic achievement<\/span><\/li>\n<li><span style=\"font-weight: 400;\">To the best film about survival of indigenous peoples<\/span><\/li>\n<li><span style=\"font-weight: 400;\">To the best scientific audiovisual recording<\/span><\/li>\n<li><span style=\"font-weight: 400;\" >To the best short documentary<\/span><\/li>\n<li><span style=\"font-weight: 400;\">To the best art doc.<\/span><\/li>\n<\/ul>\n<p><span style=\"font-weight: 400;\">Decisions will be made by the international jury, invited by the team of the festival.<\/span><\/p>\n<p><span style=\"font-weight: 400;\">DOCS FOR KIDS:<\/span><\/p>\n<ul>\n<li><span style=\"font-weight: 400;\" >To the best documentary for children<\/span><\/li>\n<\/ul>\n<p><span style=\"font-weight: 400;\" >Jury members are children of P\u00e4rnu<\/span><\/p>\n<p><span style=\"font-weight: 400;\">DOCS BY STUDENTS<\/span><\/p>\n<ul>\n<li><span style=\"font-weight: 400;\">To the best student doc<\/span><\/li>\n<\/ul>\n<p><span style=\"font-weight: 400;\">Decision makers are students of the BFM (Baltic Film and Media School)<\/span><\/p>\n<p><span style=\"font-weight: 400;\">NATIONAL DOCUMENTARY COMPETITION:<\/span><\/p>\n<ul>\n<li><span style=\"font-weight: 400;\">To the best Estonian documentary<\/span><\/li>\n<\/ul>\n<p><span style=\"font-weight: 400;\"  >Members of the jury are foreign filmmakers attending the festival.<\/span><\/p>\n<p><span style=\"font-weight: 400;\" >Juries may grant additional Special Awards and Special Mentions.<\/span><\/p>\n<p><span style=\"font-weight: 400;\"  >All decisions made by the festival team and juries are final.<\/span><\/p>\n<p><span style=\"font-weight: 400;\"  >The submission and participation of documentaries imply acceptance of the regulations of the festival.<\/span><\/p>\n<p><span style=\"font-weight: 400;\">COMPLETING ENTRY FORM<\/span><\/p>\n<p><span style=\"font-weight: 400;\"  >Before submitting an entry form to the P\u00e4rnu Film Festival please read through the festival regulations!<\/span><\/p>\n<p><span style=\"font-weight: 400;\" >By submitting the entry form you accept the festival regulations.<\/span><\/p>\n<p><span style=\"font-weight: 400;\">If the documentary does not meet all the requirements mentioned above it will not be eligible for selection.<\/span><\/p>\n<p><span style=\"font-weight: 400;\">All materials, as well as correspondence, should be addressed to the P\u00e4rnu Film Festival, R\u00fc\u00fctli Str. 40a, P\u00e4rnu 80010, Estonia.<\/span><\/p>\n<p><span style=\"font-weight: 400;\" >Other contacts of the festival:<\/span><\/p>\n<p><span style=\"font-weight: 400;\">Tel +372 5024947<\/span><\/p>\n<p><span style=\"font-weight: 400;\">E-mail: festival@chaplin.ee<\/span><\/p>\n<p><span style=\"font-weight: 400;\" >Website: www.chaplin.ee<\/span><\/p>\n<p><span style=\"font-weight: 400;\">Facebook: www.facebook.com\/ParnuFF<\/span><\/p>\n<p>&nbsp;<\/p>\n<\/div>\n<\/div>\n<\/div>\n<\/div>","protected":false},"excerpt":{"rendered":"<p>THE P\u00c4RNU FILM FESTIVAL &nbsp; &nbsp; REQUIREMENTS FOR SUBMISSION AND SCREENINGS The length of films for the competition is not limited. In terms of screenings at other festivals, and earlier awards, there are&nbsp;no restrictions for the submission. In terms of years of production, and dates of first public screenings,&nbsp;there are no&nbsp;restrictions. Films which have not&#8230;<\/p>","protected":false},"author":1,"featured_media":0,"parent":0,"menu_order":0,"comment_status":"closed","ping_status":"closed","template":"","meta":{"_EventAllDay":false,"_EventTimezone":"","_EventStartDate":"","_EventEndDate":"","_EventStartDateUTC":"","_EventEndDateUTC":"","_EventShowMap":false,"_EventShowMapLink":false,"_EventURL":"","_EventCost":"","_EventCostDescription":"","_EventCurrencySymbol":"","_EventCurrencyPosition":"","_EventDateTimeSeparator":"","_EventTimeRangeSeparator":"","_EventOrganizerID":[],"_EventVenueID":0,"_OrganizerEmail":"","_OrganizerPhone":"","_OrganizerWebsite":"","_VenueAddress":"","_VenueCity":"","_VenueCountry":"","_VenueProvince":"","_VenueZip":"","_VenuePhone":"","_VenueURL":"","_VenueStateProvince":"","_VenueLat":"","_VenueLng":""},"_links":{"self":[{"href":"https:\/\/www.chaplin.ee\/et\/wp-json\/wp\/v2\/pages\/15951"}],"collection":[{"href":"https:\/\/www.chaplin.ee\/et\/wp-json\/wp\/v2\/pages"}],"about":[{"href":"https:\/\/www.chaplin.ee\/et\/wp-json\/wp\/v2\/types\/page"}],"author":[{"embeddable":true,"href":"https:\/\/www.chaplin.ee\/et\/wp-json\/wp\/v2\/users\/1"}],"replies":[{"embeddable":true,"href":"https:\/\/www.chaplin.ee\/et\/wp-json\/wp\/v2\/comments?post=15951"}],"version-history":[{"count":19,"href":"https:\/\/www.chaplin.ee\/et\/wp-json\/wp\/v2\/pages\/15951\/revisions"}],"predecessor-version":[{"id":18300,"href":"https:\/\/www.chaplin.ee\/et\/wp-json\/wp\/v2\/pages\/15951\/revisions\/18300"}],"wp:attachment":[{"href":"https:\/\/www.chaplin.ee\/et\/wp-json\/wp\/v2\/media?parent=15951"}],"curies":[{"name":"wp","href":"https:\/\/api.w.org\/{rel}","templated":true}]}}